{"id":2185,"date":"2025-02-03T08:47:42","date_gmt":"2025-02-03T07:47:42","guid":{"rendered":"https:\/\/ventos-shop.com\/imprint\/"},"modified":"2025-10-08T13:20:57","modified_gmt":"2025-10-08T11:20:57","slug":"imprint","status":"publish","type":"page","link":"https:\/\/ventos-shop.com\/en\/imprint\/","title":{"rendered":"Imprint"},"content":{"rendered":"\n<p><strong>Address<\/strong><br>VENTOS L\u00fcftungstechnik GmbH<br>Osterheide 10<br>49124 Georgsmarienh\u00fctte<br>Germany<\/p>\n\n\n\n<p><strong>Contact details<\/strong><br>Phone 05401 40210<br>Fax 05401 45598<br>E-mail <a href=\"mailto:info@ventos.de\">info@ventos.de<\/a><\/p>\n\n\n\n<p><strong>Managing partners<\/strong><br>Rolf Kriele, Frank Holzrichter, Christoph R\u00f6ttgers<\/p>\n\n\n\n<p><strong>Register court<\/strong><br>Osnabr\u00fcck Local Court<\/p>\n\n\n\n<p><strong>Commercial register<\/strong><br>HRB 110098<\/p>\n\n\n\n<p><strong>Registered office of the company<\/strong><br>Georgsmarienh\u00fctte<\/p>\n\n\n\n<p><strong>Sales tax identification number according to \u00a7 27 a UStG<\/strong><br>DE 811184763<\/p>\n\n\n\n<p><strong>Responsible for content according to \u00a7 18 Abs. 2 MStV<\/strong><br>Christoph R\u00f6ttgers (address see above)<\/p>\n\n\n\n<p><strong>Realization<\/strong><br>TAURUS DESIGN<br><a href=\"http:\/\/www.taurus-design.de\/\" target=\"_blank\" rel=\"noreferrer noopener\">www.taurus-design.de<\/a><\/p>\n\n\n\n<p><strong>Consumer dispute resolution \/ universal arbitration board<\/strong><br>We participate in a dispute resolution procedure before the consumer arbitration board <strong>Universalschlichtungsstelle des Bundes-Zentrum f\u00fcr Schlichtung e. V.<\/strong>, Stra\u00dfburger Str. 8, 77694 Kehl, <a href=\"https:\/\/www.universalschlichtungsstelle.de\/\">https:\/\/www.universalschlichtungsstelle.de\/<\/a>.<\/p>\n\n\n\n<p><strong>Liability for content<\/strong><br>The content of our website has been created with the utmost care. However, we cannot assume any liability for the correctness, completeness and topicality of the contents. According to Article 8 of the Digital Services Act (DSA), however, we as a service provider are not obliged to monitor transmitted or stored third-party information or to investigate circumstances that indicate illegal activity.<br>obligations to remove or block the use of information in accordance with general laws remain unaffected by this. However, liability in this respect is only possible from the time of knowledge of a specific infringement. As soon as we become aware of such infringements, we will remove this content immediately.<\/p>\n\n\n\n<p><strong>Liability for links<\/strong><br>Our website contains links to external third-party websites over whose content we have no influence. Therefore, we cannot accept any liability for this third-party content. The respective provider or operator of the pages is always responsible for the content of the linked pages. The linked pages were checked for possible legal violations at the time of linking. Illegal contents were not recognizable at the time of linking. However, permanent monitoring of the content of the linked pages is not reasonable without concrete evidence of an infringement. If we become aware of any legal infringements, we will remove such links immediately.<\/p>\n\n\n\n<p><strong>Copyright<\/strong><br>The content and works created by the site operators on these pages are subject to German copyright law. Duplication, processing, distribution and any form of commercialization of such material beyond the scope of the copyright law shall require the prior written consent of its respective author or creator. Downloads and copies of this site are only permitted for private, non-commercial use. Insofar as the content on this site was not created by the operator, the copyrights of third parties are respected. In particular, third-party content is identified as such. Should you nevertheless become aware of a copyright infringement, please inform us accordingly. If we become aware of any infringements, we will remove such content immediately.<\/p>\n\n\n\n<p><\/p>\n","protected":false},"excerpt":{"rendered":"<p>AddressVENTOS L\u00fcftungstechnik GmbHOsterheide 1049124 Georgsmarienh\u00fctteGermany Contact detailsPhone 05401 40210Fax 05401 45598E-mail info@ventos.de Managing partnersRolf Kriele, Frank Holzrichter, Christoph R\u00f6ttgers Register courtOsnabr\u00fcck Local Court Commercial registerHRB 110098 Registered office of the companyGeorgsmarienh\u00fctte Sales tax identification number according to \u00a7 27 a UStGDE 811184763 Responsible for content according to \u00a7 18 Abs. 2 MStVChristoph R\u00f6ttgers (address see [&hellip;]<\/p>\n","protected":false},"author":2,"featured_media":0,"parent":0,"menu_order":0,"comment_status":"closed","ping_status":"closed","template":"","meta":{"footnotes":""},"class_list":["post-2185","page","type-page","status-publish","hentry"],"_links":{"self":[{"href":"https:\/\/ventos-shop.com\/en\/wp-json\/wp\/v2\/pages\/2185","targetHints":{"allow":["GET"]}}],"collection":[{"href":"https:\/\/ventos-shop.com\/en\/wp-json\/wp\/v2\/pages"}],"about":[{"href":"https:\/\/ventos-shop.com\/en\/wp-json\/wp\/v2\/types\/page"}],"author":[{"embeddable":true,"href":"https:\/\/ventos-shop.com\/en\/wp-json\/wp\/v2\/users\/2"}],"replies":[{"embeddable":true,"href":"https:\/\/ventos-shop.com\/en\/wp-json\/wp\/v2\/comments?post=2185"}],"version-history":[{"count":3,"href":"https:\/\/ventos-shop.com\/en\/wp-json\/wp\/v2\/pages\/2185\/revisions"}],"predecessor-version":[{"id":2708,"href":"https:\/\/ventos-shop.com\/en\/wp-json\/wp\/v2\/pages\/2185\/revisions\/2708"}],"wp:attachment":[{"href":"https:\/\/ventos-shop.com\/en\/wp-json\/wp\/v2\/media?parent=2185"}],"curies":[{"name":"wp","href":"https:\/\/api.w.org\/{rel}","templated":true}]}}